{"id":5280,"date":"2021-12-02T15:49:03","date_gmt":"2021-12-02T14:49:03","guid":{"rendered":"https:\/\/argenta-living.de\/e-bike-verleih\/"},"modified":"2022-01-21T21:47:11","modified_gmt":"2022-01-21T20:47:11","slug":"e-bike-rental","status":"publish","type":"page","link":"https:\/\/argenta-living.de\/en\/e-bike-rental\/","title":{"rendered":"E-bike rental"},"content":{"rendered":"<div id=\"pl-gb5280-69d46949d9301\"  class=\"panel-layout\" ><div id=\"pg-gb5280-69d46949d9301-0\"  class=\"panel-grid panel-no-style\" ><div id=\"pgc-gb5280-69d46949d9301-0-0\"  class=\"panel-grid-cell\" ><div id=\"panel-gb5280-69d46949d9301-0-0-0\" class=\"so-panel widget widget_lava-editor panel-first-child panel-last-child\" data-index=\"0\" ><div class=\"panel-widget-style panel-widget-style-for-gb5280-69d46949d9301-0-0-0\" ><div\n\t\t\t\n\t\t\tclass=\"so-widget-lava-editor so-widget-lava-editor-base\"\n\t\t\t\n\t\t><div class=\"equal-height\"><div class=\"title-wrapper left-align\"><h3 class=\"widget-title\">Our Electric Bike rental prices *<\/h3><\/div><div class=\"lava-text post-content\"><p>Contact us by phone or speak to us on site to receive an e-bike.<\/p>\n<table>\n<tbody>\n<tr>\n<th>1 day<\/th>\n<td style=\"text-align: center;\"><b>30 \u20ac<\/b><\/td>\n<\/tr>\n<tr>\n<th>2 days<\/th>\n<td style=\"text-align: center;\"><b>55 \u20ac<\/b><\/td>\n<\/tr>\n<tr>\n<th>3 days<\/th>\n<td style=\"text-align: center;\"><b>80 \u20ac<\/b><\/td>\n<\/tr>\n<tr>\n<th>4 days<\/th>\n<td style=\"text-align: center;\"><b>105 \u20ac<\/b><\/td>\n<\/tr>\n<tr>\n<th>5 days<\/th>\n<td style=\"text-align: center;\"><b>130 \u20ac<\/b><\/td>\n<\/tr>\n<tr>\n<th>6 days<\/th>\n<td style=\"text-align: center;\"><b>155 \u20ac<\/b><\/td>\n<\/tr>\n<tr>\n<th>Complete week<\/th>\n<td style=\"text-align: center;\"><b>180 \u20ac<\/b><\/td>\n<\/tr>\n<\/tbody>\n<\/table>\n<p><\/p>\n<p>* The prices shown include VAT. The prices are per Electric Bike <\/p>\n<\/div><\/div><\/div><\/div><\/div><\/div><div id=\"pgc-gb5280-69d46949d9301-0-1\"  class=\"panel-grid-cell\" ><div class=\"panel-cell-style panel-cell-style-for-gb5280-69d46949d9301-0-1\" ><div id=\"panel-gb5280-69d46949d9301-0-1-0\" class=\"so-panel widget widget_lava-content-block panel-first-child panel-last-child\" data-index=\"1\" ><div class=\"panel-widget-style panel-widget-style-for-gb5280-69d46949d9301-0-1-0\" ><div\n\t\t\t\n\t\t\tclass=\"so-widget-lava-content-block so-widget-lava-content-block-default-d75171398898-5280\"\n\t\t\t\n\t\t><div class=\"lava-content-block\">\r\n\r\n\t\t\t\r\n\t\t<div class=\"container-full\">\r\n\t\t\t<div class=\"title-wrapper left-align\"><h3 class=\"widget-title\">Cycling Routes in Fulda &amp; in the region<\/h3><\/div>\t\t\t<div class=\"lava-text\"><strong>Fulda Radweg R1<\/strong> <br \/>\n\nDer R1 geht entlang dem Fluss Fulda. Immer neben dem Flusslauf bietet dieser Fahrradweg sch\u00f6ne Ausblicke. <br \/>\n\n<p><\/p>\n\n<strong>Bahnradweg R3<\/strong> <br \/>\n\nDer R3 f\u00fchrt auf einer alten Bahnstrecke in die Rh\u00f6n. Der Radweg f\u00fchrt durch den \u201eMilseburgtunnel&#8221; einem alten Bahntunnel, der mit 1173 m einer der l\u00e4ngsten Radtunnel Deutschlands ist. Im Winter ist er geschlossen, damit die Flederm\u00e4use dort in Ruhe \u00fcberwintern k\u00f6nnen. <br \/>\n<p><\/p>\n\n<strong>Vulkanradweg<\/strong> <br \/>\n\nRichtung Westen erschlie\u00dft der Bahnradweg R3 den Vogelsberg und hei\u00dft in diesem Abschnitt \u201eVulkanradweg&#8221;. <br \/>\n<p><\/p>\n\n<strong>Radroutenplaner f\u00fcr Hessen<\/strong> <br \/>\n\nWer seine individuelle Radroute planen m\u00f6chte, kann dies mit Hilfe des Radroutenplaners Hessen machen: <br \/>\n<br \/>\n\n<a href=\"https:\/\/radroutenplaner.hessen.de\/\" target=\"_blank\" rel=\"noopener\"><i class=\"fas fa-arrow-circle-right\"><\/i><b> Zum Radtourplaner<\/b><\/a>\n\n<br \/>\n<br \/>\n<br \/>\n<br \/><\/div>\r\n\t\t<\/div>\r\n\r\n\t\r\n<\/div><\/div><\/div><\/div><\/div><\/div><\/div><\/div>","protected":false},"excerpt":{"rendered":"","protected":false},"author":1,"featured_media":0,"parent":0,"menu_order":0,"comment_status":"closed","ping_status":"closed","template":"page-builder.php","meta":{"inline_featured_image":false,"advanced_seo_description":"","jetpack_seo_html_title":"","jetpack_seo_noindex":false,"footnotes":""},"class_list":["post-5280","page","type-page","status-publish","hentry"],"_links":{"self":[{"href":"https:\/\/argenta-living.de\/en\/wp-json\/wp\/v2\/pages\/5280","targetHints":{"allow":["GET"]}}],"collection":[{"href":"https:\/\/argenta-living.de\/en\/wp-json\/wp\/v2\/pages"}],"about":[{"href":"https:\/\/argenta-living.de\/en\/wp-json\/wp\/v2\/types\/page"}],"author":[{"embeddable":true,"href":"https:\/\/argenta-living.de\/en\/wp-json\/wp\/v2\/users\/1"}],"replies":[{"embeddable":true,"href":"https:\/\/argenta-living.de\/en\/wp-json\/wp\/v2\/comments?post=5280"}],"version-history":[{"count":17,"href":"https:\/\/argenta-living.de\/en\/wp-json\/wp\/v2\/pages\/5280\/revisions"}],"predecessor-version":[{"id":5784,"href":"https:\/\/argenta-living.de\/en\/wp-json\/wp\/v2\/pages\/5280\/revisions\/5784"}],"wp:attachment":[{"href":"https:\/\/argenta-living.de\/en\/wp-json\/wp\/v2\/media?parent=5280"}],"curies":[{"name":"wp","href":"https:\/\/api.w.org\/{rel}","templated":true}]}}